{"id":9,"date":"2014-09-17T13:54:09","date_gmt":"2014-09-17T13:54:09","guid":{"rendered":"http:\/\/www.blancovallim.com.br\/?page_id=9"},"modified":"2015-10-15T15:14:29","modified_gmt":"2015-10-15T15:14:29","slug":"legalizacao-de-empresas","status":"publish","type":"page","link":"https:\/\/www.blancovallim.com.br\/?page_id=9","title":{"rendered":"Legaliza\u00e7\u00e3o de Empresas"},"content":{"rendered":"<h1 style=\"text-align: center;\"><span style=\"color: #008080;\"><strong>Legaliza\u00e7\u00e3o de Empresas<\/strong><\/span><\/h1>\n<hr \/>\n<h1 style=\"text-align: center;\"><\/h1>\n<p style=\"text-align: center;\">&#8211; Aprova\u00e7\u00e3o de CETESB<\/p>\n<p style=\"text-align: center;\">&#8211; Desenvolvimento e Aprova\u00e7\u00e3o de projeto de engenharia sanit\u00e1ria (LTA).<\/p>\n<p style=\"text-align: center;\">&#8211; Autoriza\u00e7\u00e3o de funcionamento para ind\u00fastrias, distribuidoras e importadoras (AFE).<\/p>\n<p style=\"text-align: center;\">&#8211; Licen\u00e7a de funcionamento para ind\u00fastrias, distribuidoras e importadoras (VISA e COVISA).<\/p>\n","protected":false},"excerpt":{"rendered":"<p>Legaliza\u00e7\u00e3o de Empresas &#8211; Aprova\u00e7\u00e3o de CETESB &#8211; Desenvolvimento e Aprova\u00e7\u00e3o de projeto de engenharia sanit\u00e1ria (LTA). &#8211; Autoriza\u00e7\u00e3o de funcionamento para ind\u00fastrias, distribuidoras e importadoras (AFE). &#8211; Licen\u00e7a de funcionamento para ind\u00fastrias, distribuidoras e importadoras (VISA e COVISA).<\/p>\n","protected":false},"author":1,"featured_media":0,"parent":0,"menu_order":3,"comment_status":"closed","ping_status":"closed","template":"page-templates\/page-full-width.php","meta":{"footnotes":""},"class_list":["post-9","page","type-page","status-publish","hentry"],"_links":{"self":[{"href":"https:\/\/www.blancovallim.com.br\/index.php?rest_route=\/wp\/v2\/pages\/9","targetHints":{"allow":["GET"]}}],"collection":[{"href":"https:\/\/www.blancovallim.com.br\/index.php?rest_route=\/wp\/v2\/pages"}],"about":[{"href":"https:\/\/www.blancovallim.com.br\/index.php?rest_route=\/wp\/v2\/types\/page"}],"author":[{"embeddable":true,"href":"https:\/\/www.blancovallim.com.br\/index.php?rest_route=\/wp\/v2\/users\/1"}],"replies":[{"embeddable":true,"href":"https:\/\/www.blancovallim.com.br\/index.php?rest_route=%2Fwp%2Fv2%2Fcomments&post=9"}],"version-history":[{"count":8,"href":"https:\/\/www.blancovallim.com.br\/index.php?rest_route=\/wp\/v2\/pages\/9\/revisions"}],"predecessor-version":[{"id":238,"href":"https:\/\/www.blancovallim.com.br\/index.php?rest_route=\/wp\/v2\/pages\/9\/revisions\/238"}],"wp:attachment":[{"href":"https:\/\/www.blancovallim.com.br\/index.php?rest_route=%2Fwp%2Fv2%2Fmedia&parent=9"}],"curies":[{"name":"wp","href":"https:\/\/api.w.org\/{rel}","templated":true}]}}