{"id":51,"date":"2014-09-19T13:04:42","date_gmt":"2014-09-19T13:04:42","guid":{"rendered":"http:\/\/www.blancovallim.com.br\/?page_id=51"},"modified":"2025-07-29T10:23:53","modified_gmt":"2025-07-29T13:23:53","slug":"pagina-inicial","status":"publish","type":"page","link":"https:\/\/www.blancovallim.com.br\/","title":{"rendered":"In\u00edcio"},"content":{"rendered":"<p><audio class=\"audio-for-speech\"><\/audio><\/p>\n<div class=\"translate-tooltip-mtz translator-hidden\">\n<div class=\"header\">\n<div class=\"header-controls\">Translator<\/div>\n<div class=\"header-controls\"><\/div>\n<div class=\"header-controls\"><\/div>\n<\/div>\n<div class=\"translated-text\">\n<div class=\"words\"><\/div>\n<div class=\"sentences\"><\/div>\n<\/div>\n<\/div>\n<p style=\"text-align: center;\"><span style=\"text-decoration: underline;\"><span style=\"color: #008080; text-decoration: underline;\" data-darkreader-inline-color=\"\"><strong>Assuntos Regulat\u00f3rios &#8211; ANVISA<\/strong><\/span><\/span><\/p>\n<p style=\"text-align: center;\">&#8211; Regulariza\u00e7\u00e3o de produtos cosm\u00e9ticos<\/p>\n<p style=\"text-align: center;\">&#8211; Regulariza\u00e7\u00e3o de Empresas (AFE)<\/p>\n<h5 style=\"text-align: center;\"><\/h5>\n<p style=\"text-align: center;\"><span style=\"text-decoration: underline;\"><span style=\"color: #008080; text-decoration: underline;\" data-darkreader-inline-color=\"\"><strong>Vigil\u00e2ncia Sanit\u00e1ria<\/strong><\/span><\/span><\/p>\n<p style=\"text-align: center;\">&#8211; Aprova\u00e7\u00e3o de Projetos e Engenharia Sanit\u00e1ria (LTA)<\/p>\n<p style=\"text-align: center;\"><span style=\"text-decoration: underline;\"><span style=\"color: #008080; text-decoration: underline;\" data-darkreader-inline-color=\"\"><strong>CETESB<\/strong><\/span><\/span><\/p>\n<p style=\"text-align: center;\"><span style=\"text-decoration: underline;\"><span style=\"color: #008080; text-decoration: underline;\" data-darkreader-inline-color=\"\"><strong>Advocacia preventiva &#8211; Registros de Marcas e de Di<\/strong><strong>reitos Autorais<\/strong><\/span><\/span><\/p>\n<p style=\"text-align: center;\">Para mais informa\u00e7\u00f5es ou d\u00favida entre em <span style=\"color: #339966;\" data-darkreader-inline-color=\"\"><a style=\"color: #339966;\" href=\"https:\/\/www.blancovallim.com.br\/?page_id=44\" data-darkreader-inline-color=\"\">contato<\/a><\/span>.<\/p>\n","protected":false},"excerpt":{"rendered":"<p>Translator Assuntos Regulat\u00f3rios &#8211; ANVISA &#8211; Regulariza\u00e7\u00e3o de produtos cosm\u00e9ticos &#8211; Regulariza\u00e7\u00e3o de Empresas (AFE) Vigil\u00e2ncia Sanit\u00e1ria &#8211; Aprova\u00e7\u00e3o de Projetos e Engenharia Sanit\u00e1ria (LTA) CETESB Advocacia preventiva &#8211; Registros de Marcas e de Direitos Autorais Para mais informa\u00e7\u00f5es ou d\u00favida entre em contato.<\/p>\n","protected":false},"author":1,"featured_media":0,"parent":0,"menu_order":0,"comment_status":"closed","ping_status":"closed","template":"page-templates\/page-full-width.php","meta":{"footnotes":""},"class_list":["post-51","page","type-page","status-publish","hentry"],"_links":{"self":[{"href":"https:\/\/www.blancovallim.com.br\/index.php?rest_route=\/wp\/v2\/pages\/51","targetHints":{"allow":["GET"]}}],"collection":[{"href":"https:\/\/www.blancovallim.com.br\/index.php?rest_route=\/wp\/v2\/pages"}],"about":[{"href":"https:\/\/www.blancovallim.com.br\/index.php?rest_route=\/wp\/v2\/types\/page"}],"author":[{"embeddable":true,"href":"https:\/\/www.blancovallim.com.br\/index.php?rest_route=\/wp\/v2\/users\/1"}],"replies":[{"embeddable":true,"href":"https:\/\/www.blancovallim.com.br\/index.php?rest_route=%2Fwp%2Fv2%2Fcomments&post=51"}],"version-history":[{"count":72,"href":"https:\/\/www.blancovallim.com.br\/index.php?rest_route=\/wp\/v2\/pages\/51\/revisions"}],"predecessor-version":[{"id":436,"href":"https:\/\/www.blancovallim.com.br\/index.php?rest_route=\/wp\/v2\/pages\/51\/revisions\/436"}],"wp:attachment":[{"href":"https:\/\/www.blancovallim.com.br\/index.php?rest_route=%2Fwp%2Fv2%2Fmedia&parent=51"}],"curies":[{"name":"wp","href":"https:\/\/api.w.org\/{rel}","templated":true}]}}