{"id":5,"date":"2014-09-17T13:52:25","date_gmt":"2014-09-17T13:52:25","guid":{"rendered":"http:\/\/www.blancovallim.com.br\/?page_id=5"},"modified":"2025-07-25T23:21:43","modified_gmt":"2025-07-26T02:21:43","slug":"a-empresa","status":"publish","type":"page","link":"https:\/\/www.blancovallim.com.br\/?page_id=5","title":{"rendered":"A Empresa"},"content":{"rendered":"<p><audio class=\"audio-for-speech\"><\/audio><\/p>\n<div class=\"translate-tooltip-mtz translator-hidden\">\n<div class=\"header\">\n<div class=\"header-controls\">Translator<\/div>\n<div class=\"header-controls\"><\/div>\n<div class=\"header-controls\"><\/div>\n<\/div>\n<div class=\"translated-text\">\n<div class=\"words\"><\/div>\n<div class=\"sentences\"><\/div>\n<\/div>\n<\/div>\n<div align=\"justify\">\n<h1 style=\"text-align: center;\"><strong><span style=\"color: #008080;\">A Empresa<\/span><\/strong><\/h1>\n<hr \/>\n<p style=\"text-align: center;\">A Blanco &amp; Vallim, fruto da uni\u00e3o de dois profissionais com mais de 35 anos de experi\u00eancia, iniciou suas atividades no ano de 1990. Portanto, h\u00e1 mais de tr\u00eas d\u00e9cadas (os profissionais) e h\u00e1 mais de duas d\u00e9cadas (a empresa) v\u00eam prestando assessoria visando a legaliza\u00e7\u00e3o de empresas e produtos junto ao Minist\u00e9rio da Sa\u00fade.<\/p>\n<\/div>\n<div align=\"justify\">\n<div align=\"justify\">\n<p style=\"text-align: center;\">Al\u00e9m de atuar na cidade de S\u00e3o Paulo, onde possui sua sede pr\u00f3pria, tamb\u00e9m opera em Bras\u00edlia, junto a Ag\u00eancia Nacional de Vigil\u00e2ncia Sanit\u00e1ria (ANVISA), e na cidade do Rio de Janeiro, perante o Instituto Nacional da Propriedade Industrial (INPI), Escola de Belas Artes da Universidade Federal do Rio de Janeiro e Biblioteca Nacional.<\/p>\n<div align=\"justify\">\n<div align=\"justify\">\n<p style=\"text-align: center;\">Consulte-nos e obtenha mais e maiores informa\u00e7\u00f5es acerca de nossos servi\u00e7os e nossos clientes.<\/p>\n<\/div>\n<\/div>\n<\/div>\n<\/div>\n","protected":false},"excerpt":{"rendered":"<p>Translator A Empresa A Blanco &amp; Vallim, fruto da uni\u00e3o de dois profissionais com mais de 35 anos de experi\u00eancia, iniciou suas atividades no ano de 1990. Portanto, h\u00e1 mais de tr\u00eas d\u00e9cadas (os profissionais) e h\u00e1 mais de duas d\u00e9cadas (a empresa) v\u00eam prestando assessoria visando a legaliza\u00e7\u00e3o de empresas e produtos junto ao [&hellip;]<\/p>\n","protected":false},"author":1,"featured_media":0,"parent":0,"menu_order":2,"comment_status":"closed","ping_status":"closed","template":"page-templates\/page-full-width.php","meta":{"footnotes":""},"class_list":["post-5","page","type-page","status-publish","hentry"],"_links":{"self":[{"href":"https:\/\/www.blancovallim.com.br\/index.php?rest_route=\/wp\/v2\/pages\/5","targetHints":{"allow":["GET"]}}],"collection":[{"href":"https:\/\/www.blancovallim.com.br\/index.php?rest_route=\/wp\/v2\/pages"}],"about":[{"href":"https:\/\/www.blancovallim.com.br\/index.php?rest_route=\/wp\/v2\/types\/page"}],"author":[{"embeddable":true,"href":"https:\/\/www.blancovallim.com.br\/index.php?rest_route=\/wp\/v2\/users\/1"}],"replies":[{"embeddable":true,"href":"https:\/\/www.blancovallim.com.br\/index.php?rest_route=%2Fwp%2Fv2%2Fcomments&post=5"}],"version-history":[{"count":7,"href":"https:\/\/www.blancovallim.com.br\/index.php?rest_route=\/wp\/v2\/pages\/5\/revisions"}],"predecessor-version":[{"id":432,"href":"https:\/\/www.blancovallim.com.br\/index.php?rest_route=\/wp\/v2\/pages\/5\/revisions\/432"}],"wp:attachment":[{"href":"https:\/\/www.blancovallim.com.br\/index.php?rest_route=%2Fwp%2Fv2%2Fmedia&parent=5"}],"curies":[{"name":"wp","href":"https:\/\/api.w.org\/{rel}","templated":true}]}}