{"id":34,"date":"2014-09-19T12:44:12","date_gmt":"2014-09-19T12:44:12","guid":{"rendered":"http:\/\/www.blancovallim.com.br\/?page_id=34"},"modified":"2015-10-15T13:18:57","modified_gmt":"2015-10-15T13:18:57","slug":"biblioteca-nacional","status":"publish","type":"page","link":"https:\/\/www.blancovallim.com.br\/?page_id=34","title":{"rendered":"Biblioteca Nacional"},"content":{"rendered":"<div align=\"center\">\n<h1 style=\"text-align: center;\"><span style=\"color: #008080;\"><strong>Biblioteca Nacional<\/strong><\/span><\/h1>\n<hr \/>\n<h1 style=\"text-align: center;\">\u00a0<img loading=\"lazy\" decoding=\"async\" class=\"size-medium wp-image-62\" src=\"https:\/\/www.blancovallim.com.br\/wp-content\/uploads\/2014\/09\/Funda\u00e7\u00e3o-Biblioteca-Nacional-300x46.jpg\" alt=\"Funda\u00e7\u00e3o-Biblioteca-Nacional\" width=\"300\" height=\"46\" srcset=\"https:\/\/www.blancovallim.com.br\/wp-content\/uploads\/2014\/09\/Funda\u00e7\u00e3o-Biblioteca-Nacional-300x46.jpg 300w, https:\/\/www.blancovallim.com.br\/wp-content\/uploads\/2014\/09\/Funda\u00e7\u00e3o-Biblioteca-Nacional-1024x159.jpg 1024w, https:\/\/www.blancovallim.com.br\/wp-content\/uploads\/2014\/09\/Funda\u00e7\u00e3o-Biblioteca-Nacional.jpg 2013w\" sizes=\"auto, (max-width: 300px) 100vw, 300px\" \/><\/h1>\n<p style=\"text-align: center;\">\n<p style=\"text-align: center;\">REGISTRO NA BIBLIOTECA NACIONAL<\/p>\n<\/div>\n<p style=\"text-align: center;\" align=\"justify\">O tipos de obras\u00a0registr\u00e1veis e, portanto, proteg\u00edveis\u00a0 junto ao Escrit\u00f3rio de Direitos Autorais da Biblioteca Nacional, s\u00e3o as seguintes:<\/p>\n<ul style=\"text-align: center;\">\n<li style=\"text-align: left;\">livros, brochuras, folhetos, cartas-missivas, textos liter\u00e1rios, art\u00edsticos ou cient\u00edficos;<\/li>\n<li style=\"text-align: left;\">confer\u00eancias, alocu\u00e7\u00f5es, serm\u00f5es e outras obras da mesma natureza;<\/li>\n<li style=\"text-align: left;\">obras dram\u00e1ticas e dram\u00e1tico-musicais, com ou sem partitura;<\/li>\n<li style=\"text-align: left;\">obras coreogr\u00e1ficas e pantom\u00edmicas, cuja execu\u00e7\u00e3o c\u00eanica se fixe por escrito ou por outra forma qualquer;<\/li>\n<li style=\"text-align: left;\">ilustra\u00e7\u00f5es, cartas geogr\u00e1ficas e outras obras da mesma natureza;<\/li>\n<li style=\"text-align: left;\">argumentos e roteiros cinematogr\u00e1ficos;<\/li>\n<li style=\"text-align: left;\">adapta\u00e7\u00f5es, arranjos musicais, tradu\u00e7\u00f5es e outras transforma\u00e7\u00f5es de obras origin\u00e1rias (que n\u00e3o estejam no dom\u00ednio p\u00fablico), desde que previamente autorizadas e se apresentem como cria\u00e7\u00e3o intelectual nova; s\u00e3o aceitas para registro com expressa e espec\u00edfica autoriza\u00e7\u00e3o de seu autor (ou autores) e\/ou detentores dos direitos autorais patrimoniais (cession\u00e1rios);<\/li>\n<li style=\"text-align: left;\">colet\u00e2neas ou compila\u00e7\u00f5es, como seletas, comp\u00eandios, antologias, enciclop\u00e9dias, dicion\u00e1rios, jornais, revistas, colet\u00e2neas de textos legais, de despachos, de decis\u00f5es ou de\u00a0pareceres\u00a0administrativos,\u00a0parlamentares\u00a0ou\u00a0judiciais, desde que, pelos crit\u00e9rios de sele\u00e7\u00e3o e organiza\u00e7\u00e3o, constituam cria\u00e7\u00e3o intelectual;<\/li>\n<li style=\"text-align: left;\">composi\u00e7\u00f5es musicais, com ou sem letra;<\/li>\n<li style=\"text-align: left;\">obras em quadrinhos (Personagens);<\/li>\n<li style=\"text-align: left;\">letras e partituras musicais;<\/li>\n<li style=\"text-align: left;\">obras fotogr\u00e1ficas e as produzidas por qualquer processo an\u00e1logo ao da fotografia.<\/li>\n<\/ul>\n<p>&nbsp;<\/p>\n<p style=\"text-align: center;\" align=\"justify\">Com rela\u00e7\u00e3o ao registro, os requisitos s\u00e3o os seguintes:<\/p>\n<ol>\n<li style=\"text-align: center;\">\n<p align=\"justify\">A obra n\u00e3o publicada deve ser apresentada em uma via manuscrita, mimeografada, datilografada ou digitada em computador (pode ser fotoc\u00f3pia), em pasta ou encadernada, devendo ter um t\u00edtulo, possuir \u00edndice, todas as p\u00e1ginas numeradas em ordem crescente e rubricadas pelo autor;<\/p>\n<\/li>\n<li style=\"text-align: center;\">\n<p align=\"justify\">a obra publicada deve ser apresentada em duas vias e de acordo como foi editada, sendo que s\u00e3o necess\u00e1rias as seguintes informa\u00e7\u00f5es: n\u00famero da edi\u00e7\u00e3o (1\u00aa, 2\u00aa, etc&#8230;), ano da edi\u00e7\u00e3o, munic\u00edpio e Estado onde foi publicada, nome da editora respons\u00e1vel pela edi\u00e7\u00e3o da obra e o nome da gr\u00e1fica respons\u00e1vel pela impress\u00e3o de edi\u00e7\u00e3o da obra; e<\/p>\n<\/li>\n<li>\n<p style=\"text-align: center;\" align=\"justify\">do autor s\u00e3o necess\u00e1rias as seguintes informa\u00e7\u00f5es: nome completo, estado civil, endere\u00e7o residencial completo (incluindo CEP), pseud\u00f4nimo (caso haja algum), data e local (cidade e Estado) do nascimento, n\u00famero do CIC, n\u00famero da carteira de identidade, seu \u00f3rg\u00e3o emissor e local de emiss\u00e3o.<\/p>\n<\/li>\n<\/ol>\n","protected":false},"excerpt":{"rendered":"<p>Biblioteca Nacional \u00a0 REGISTRO NA BIBLIOTECA NACIONAL O tipos de obras\u00a0registr\u00e1veis e, portanto, proteg\u00edveis\u00a0 junto ao Escrit\u00f3rio de Direitos Autorais da Biblioteca Nacional, s\u00e3o as seguintes: livros, brochuras, folhetos, cartas-missivas, textos liter\u00e1rios, art\u00edsticos ou cient\u00edficos; confer\u00eancias, alocu\u00e7\u00f5es, serm\u00f5es e outras obras da mesma natureza; obras dram\u00e1ticas e dram\u00e1tico-musicais, com ou sem partitura; obras coreogr\u00e1ficas e [&hellip;]<\/p>\n","protected":false},"author":1,"featured_media":0,"parent":0,"menu_order":7,"comment_status":"closed","ping_status":"closed","template":"page-templates\/page-full-width.php","meta":{"footnotes":""},"class_list":["post-34","page","type-page","status-publish","hentry"],"_links":{"self":[{"href":"https:\/\/www.blancovallim.com.br\/index.php?rest_route=\/wp\/v2\/pages\/34","targetHints":{"allow":["GET"]}}],"collection":[{"href":"https:\/\/www.blancovallim.com.br\/index.php?rest_route=\/wp\/v2\/pages"}],"about":[{"href":"https:\/\/www.blancovallim.com.br\/index.php?rest_route=\/wp\/v2\/types\/page"}],"author":[{"embeddable":true,"href":"https:\/\/www.blancovallim.com.br\/index.php?rest_route=\/wp\/v2\/users\/1"}],"replies":[{"embeddable":true,"href":"https:\/\/www.blancovallim.com.br\/index.php?rest_route=%2Fwp%2Fv2%2Fcomments&post=34"}],"version-history":[{"count":16,"href":"https:\/\/www.blancovallim.com.br\/index.php?rest_route=\/wp\/v2\/pages\/34\/revisions"}],"predecessor-version":[{"id":228,"href":"https:\/\/www.blancovallim.com.br\/index.php?rest_route=\/wp\/v2\/pages\/34\/revisions\/228"}],"wp:attachment":[{"href":"https:\/\/www.blancovallim.com.br\/index.php?rest_route=%2Fwp%2Fv2%2Fmedia&parent=34"}],"curies":[{"name":"wp","href":"https:\/\/api.w.org\/{rel}","templated":true}]}}