{"id":12,"date":"2014-09-17T13:56:08","date_gmt":"2014-09-17T13:56:08","guid":{"rendered":"http:\/\/www.blancovallim.com.br\/?page_id=12"},"modified":"2024-04-24T11:46:15","modified_gmt":"2024-04-24T14:46:15","slug":"anvisa","status":"publish","type":"page","link":"https:\/\/www.blancovallim.com.br\/?page_id=12","title":{"rendered":"ANVISA"},"content":{"rendered":"<h1 style=\"text-align: center;\"><span style=\"color: #008080;\" data-darkreader-inline-color=\"\"><strong>ANVISA<\/strong><\/span><\/h1>\n<hr \/>\n<h1 style=\"text-align: justify;\"><\/h1>\n<p><img loading=\"lazy\" decoding=\"async\" class=\"alignnone size-medium wp-image-60 aligncenter\" src=\"https:\/\/www.blancovallim.com.br\/wp-content\/uploads\/2014\/09\/Topo_logoANVISA-300x78.png\" alt=\"Topo_logoANVISA\" width=\"300\" height=\"78\" srcset=\"https:\/\/www.blancovallim.com.br\/wp-content\/uploads\/2014\/09\/Topo_logoANVISA-300x78.png 300w, https:\/\/www.blancovallim.com.br\/wp-content\/uploads\/2014\/09\/Topo_logoANVISA.png 501w\" sizes=\"auto, (max-width: 300px) 100vw, 300px\" \/><\/p>\n<p style=\"text-align: center;\"><em>&#8220;Criada pela Lei n\u00ba 9.782, de 26 de janeiro 1999, a Ag\u00eancia Nacional de Vigil\u00e2ncia Sanit\u00e1ria (Anvisa) \u00e9 uma autarquia sob regime especial, que tem como \u00e1rea de atua\u00e7\u00e3o n\u00e3o um setor espec\u00edfico da economia, mas todos os setores relacionados a produtos e servi\u00e7os que possam afetar a sa\u00fade da popula\u00e7\u00e3o brasileira.&#8221;<\/em><\/p>\n<p style=\"text-align: left;\"><strong>&#8211; Isen\u00e7\u00e3o de Registro e Registro de cosm\u00e9ticos, perfumes e produtos de higiene<br \/>\n&#8211; Comunica\u00e7\u00e3o pr\u00e9via de produtos de higiene descart\u00e1veis<br \/>\n<\/strong><\/p>\n<p style=\"text-align: center;\">Dispon\u00edvel em: <a href=\"http:\/\/www.anvisa.gov.br\">www.anvisa.gov.br<\/a><\/p>\n","protected":false},"excerpt":{"rendered":"<p>ANVISA &#8220;Criada pela Lei n\u00ba 9.782, de 26 de janeiro 1999, a Ag\u00eancia Nacional de Vigil\u00e2ncia Sanit\u00e1ria (Anvisa) \u00e9 uma autarquia sob regime especial, que tem como \u00e1rea de atua\u00e7\u00e3o n\u00e3o um setor espec\u00edfico da economia, mas todos os setores relacionados a produtos e servi\u00e7os que possam afetar a sa\u00fade da popula\u00e7\u00e3o brasileira.&#8221; &#8211; Isen\u00e7\u00e3o [&hellip;]<\/p>\n","protected":false},"author":1,"featured_media":0,"parent":0,"menu_order":4,"comment_status":"closed","ping_status":"closed","template":"page-templates\/page-full-width.php","meta":{"footnotes":""},"class_list":["post-12","page","type-page","status-publish","hentry"],"_links":{"self":[{"href":"https:\/\/www.blancovallim.com.br\/index.php?rest_route=\/wp\/v2\/pages\/12","targetHints":{"allow":["GET"]}}],"collection":[{"href":"https:\/\/www.blancovallim.com.br\/index.php?rest_route=\/wp\/v2\/pages"}],"about":[{"href":"https:\/\/www.blancovallim.com.br\/index.php?rest_route=\/wp\/v2\/types\/page"}],"author":[{"embeddable":true,"href":"https:\/\/www.blancovallim.com.br\/index.php?rest_route=\/wp\/v2\/users\/1"}],"replies":[{"embeddable":true,"href":"https:\/\/www.blancovallim.com.br\/index.php?rest_route=%2Fwp%2Fv2%2Fcomments&post=12"}],"version-history":[{"count":20,"href":"https:\/\/www.blancovallim.com.br\/index.php?rest_route=\/wp\/v2\/pages\/12\/revisions"}],"predecessor-version":[{"id":413,"href":"https:\/\/www.blancovallim.com.br\/index.php?rest_route=\/wp\/v2\/pages\/12\/revisions\/413"}],"wp:attachment":[{"href":"https:\/\/www.blancovallim.com.br\/index.php?rest_route=%2Fwp%2Fv2%2Fmedia&parent=12"}],"curies":[{"name":"wp","href":"https:\/\/api.w.org\/{rel}","templated":true}]}}